{"id":9425,"date":"2021-03-11T15:23:39","date_gmt":"2021-03-11T14:23:39","guid":{"rendered":"https:\/\/www.bijbelinbeeld.nl\/jc\/?page_id=9425"},"modified":"2021-10-05T19:53:46","modified_gmt":"2021-10-05T18:53:46","slug":"is-het-bovennatuurlijke-denkbaar","status":"publish","type":"page","link":"https:\/\/bijbelinbeeld.nl\/jc\/is-het-bovennatuurlijke-denkbaar\/","title":{"rendered":"Is het bovennatuurlijke denkbaar?"},"content":{"rendered":"<p class=\"breadcrumb\">&lt;&lt; <a href=\"https:\/\/bijbelinbeeld.nl\/jc\/\">Home<\/a> &lt;&lt;\u00a0<a href=\"https:\/\/bijbelinbeeld.nl\/jc\/reflectie\/\">Reflectie<\/a><\/p>\n<div class=\"wrapcenter\">\n<h1>Is het bovennatuurlijke denkbaar?<\/h1>\n<p>V\u00f3\u00f3r het huis een tuin.<br \/>\nAchter een bende mieren.<br \/>\nDe tuin v\u00f3\u00f3r<br \/>\nkennen ze niet.<br \/>\nDaar zijn ze nooit geweest.<br \/>\nDat hebben ze nooit gezien.<br \/>\nIs die er wel?<\/p>\n<p>Wij zijn als mieren<br \/>\nHet tastbare is ons domein.<br \/>\nHet domein daarboven.<br \/>\nkennen we niet.<br \/>\nDaar zijn we nooit geweest.<br \/>\nDat hebben we nooit gezien.<br \/>\nIs dat er wel?<\/p>\n<p>&nbsp;<\/p>\n<p style=\"font-weight: bold;\">YES, YES<\/p>\n<p style=\"font-weight: bold;\"><img loading=\"lazy\" decoding=\"async\" src=\"http:\/\/www.bijbelinbeeld.nl\/jc\/wp-content\/uploads\/mieren11.jpg\" alt=\"mieren1\" width=\"264\" height=\"96\" \/><\/p>\n<\/div>\n","protected":false},"excerpt":{"rendered":"<p>&lt;&lt; Home &lt;&lt;\u00a0Reflectie Is het bovennatuurlijke denkbaar? V\u00f3\u00f3r het huis een tuin. Achter een bende mieren. De tuin v\u00f3\u00f3r kennen ze niet. Daar zijn ze nooit geweest. Dat hebben ze nooit gezien. Is die er wel? Wij zijn als mieren Het tastbare is ons domein. Het domein daarboven. kennen we niet. Daar zijn we nooit &hellip;<br \/><a href=\"https:\/\/bijbelinbeeld.nl\/jc\/is-het-bovennatuurlijke-denkbaar\/\" class=\"more-link pen_element_default pen_icon_arrow_double\">Lees verder<\/a><\/p>\n","protected":false},"author":1,"featured_media":0,"parent":0,"menu_order":14,"comment_status":"closed","ping_status":"closed","template":"","meta":{"footnotes":""},"class_list":["post-9425","page","type-page","status-publish","hentry"],"yoast_head":"<!-- This site is optimized with the Yoast SEO plugin v27.5 - https:\/\/yoast.com\/product\/yoast-seo-wordpress\/ -->\n<title>Is het bovennatuurlijke denkbaar? - BIJBEL IN BEELD<\/title>\n<meta name=\"description\" content=\"Christelijk geloof: waarom een verstokte athe\u00efst zich bekeerde. Wat heb je aan geloof. Is geloven dom? Wat geloof jij?\" \/>\n<meta name=\"robots\" content=\"index, follow, max-snippet:-1, max-image-preview:large, max-video-preview:-1\" \/>\n<link rel=\"canonical\" href=\"https:\/\/bijbelinbeeld.nl\/jc\/is-het-bovennatuurlijke-denkbaar\/\" \/>\n<meta property=\"og:locale\" content=\"nl_NL\" \/>\n<meta property=\"og:type\" content=\"article\" \/>\n<meta property=\"og:title\" content=\"Is het bovennatuurlijke denkbaar? - BIJBEL IN BEELD\" \/>\n<meta property=\"og:description\" content=\"Christelijk geloof: waarom een verstokte athe\u00efst zich bekeerde. Wat heb je aan geloof. Is geloven dom? Wat geloof jij?\" \/>\n<meta property=\"og:url\" content=\"https:\/\/bijbelinbeeld.nl\/jc\/is-het-bovennatuurlijke-denkbaar\/\" \/>\n<meta property=\"og:site_name\" content=\"BIJBEL IN BEELD\" \/>\n<meta property=\"article:modified_time\" content=\"2021-10-05T18:53:46+00:00\" \/>\n<meta property=\"og:image\" content=\"http:\/\/www.bijbelinbeeld.nl\/jc\/wp-content\/uploads\/mieren11.jpg\" \/>\n<meta name=\"twitter:card\" content=\"summary_large_image\" \/>\n<script type=\"application\/ld+json\" class=\"yoast-schema-graph\">{\"@context\":\"https:\\\/\\\/schema.org\",\"@graph\":[{\"@type\":\"WebPage\",\"@id\":\"https:\\\/\\\/bijbelinbeeld.nl\\\/jc\\\/is-het-bovennatuurlijke-denkbaar\\\/\",\"url\":\"https:\\\/\\\/bijbelinbeeld.nl\\\/jc\\\/is-het-bovennatuurlijke-denkbaar\\\/\",\"name\":\"Is het bovennatuurlijke denkbaar? - BIJBEL IN BEELD\",\"isPartOf\":{\"@id\":\"https:\\\/\\\/bijbelinbeeld.nl\\\/jc\\\/#website\"},\"primaryImageOfPage\":{\"@id\":\"https:\\\/\\\/bijbelinbeeld.nl\\\/jc\\\/is-het-bovennatuurlijke-denkbaar\\\/#primaryimage\"},\"image\":{\"@id\":\"https:\\\/\\\/bijbelinbeeld.nl\\\/jc\\\/is-het-bovennatuurlijke-denkbaar\\\/#primaryimage\"},\"thumbnailUrl\":\"http:\\\/\\\/www.bijbelinbeeld.nl\\\/jc\\\/wp-content\\\/uploads\\\/mieren11.jpg\",\"datePublished\":\"2021-03-11T14:23:39+00:00\",\"dateModified\":\"2021-10-05T18:53:46+00:00\",\"description\":\"Christelijk geloof: waarom een verstokte athe\u00efst zich bekeerde. Wat heb je aan geloof. Is geloven dom? Wat geloof jij?\",\"inLanguage\":\"nl-NL\",\"potentialAction\":[{\"@type\":\"ReadAction\",\"target\":[\"https:\\\/\\\/bijbelinbeeld.nl\\\/jc\\\/is-het-bovennatuurlijke-denkbaar\\\/\"]}]},{\"@type\":\"ImageObject\",\"inLanguage\":\"nl-NL\",\"@id\":\"https:\\\/\\\/bijbelinbeeld.nl\\\/jc\\\/is-het-bovennatuurlijke-denkbaar\\\/#primaryimage\",\"url\":\"http:\\\/\\\/www.bijbelinbeeld.nl\\\/jc\\\/wp-content\\\/uploads\\\/mieren11.jpg\",\"contentUrl\":\"http:\\\/\\\/www.bijbelinbeeld.nl\\\/jc\\\/wp-content\\\/uploads\\\/mieren11.jpg\"},{\"@type\":\"WebSite\",\"@id\":\"https:\\\/\\\/bijbelinbeeld.nl\\\/jc\\\/#website\",\"url\":\"https:\\\/\\\/bijbelinbeeld.nl\\\/jc\\\/\",\"name\":\"BIJBEL IN BEELD\",\"description\":\"Waarom zou je ook maar iets geloven?\",\"publisher\":{\"@id\":\"https:\\\/\\\/bijbelinbeeld.nl\\\/jc\\\/#\\\/schema\\\/person\\\/049ad2d4e46d49364d0f957aaad8478f\"},\"potentialAction\":[{\"@type\":\"SearchAction\",\"target\":{\"@type\":\"EntryPoint\",\"urlTemplate\":\"https:\\\/\\\/bijbelinbeeld.nl\\\/jc\\\/?s={search_term_string}\"},\"query-input\":{\"@type\":\"PropertyValueSpecification\",\"valueRequired\":true,\"valueName\":\"search_term_string\"}}],\"inLanguage\":\"nl-NL\"},{\"@type\":[\"Person\",\"Organization\"],\"@id\":\"https:\\\/\\\/bijbelinbeeld.nl\\\/jc\\\/#\\\/schema\\\/person\\\/049ad2d4e46d49364d0f957aaad8478f\",\"name\":\"admin\",\"image\":{\"@type\":\"ImageObject\",\"inLanguage\":\"nl-NL\",\"@id\":\"https:\\\/\\\/bijbelinbeeld.nl\\\/jc\\\/wp-content\\\/uploads\\\/pasfoto2018.jpg\",\"url\":\"https:\\\/\\\/bijbelinbeeld.nl\\\/jc\\\/wp-content\\\/uploads\\\/pasfoto2018.jpg\",\"contentUrl\":\"https:\\\/\\\/bijbelinbeeld.nl\\\/jc\\\/wp-content\\\/uploads\\\/pasfoto2018.jpg\",\"width\":200,\"height\":200,\"caption\":\"admin\"},\"logo\":{\"@id\":\"https:\\\/\\\/bijbelinbeeld.nl\\\/jc\\\/wp-content\\\/uploads\\\/pasfoto2018.jpg\"},\"description\":\"Waarom een verstokte athe\u00efst christen werd.\",\"sameAs\":[\"https:\\\/\\\/www.bijbelinbeeld.nl\"]}]}<\/script>\n<!-- \/ Yoast SEO plugin. -->","yoast_head_json":{"title":"Is het bovennatuurlijke denkbaar? - BIJBEL IN BEELD","description":"Christelijk geloof: waarom een verstokte athe\u00efst zich bekeerde. Wat heb je aan geloof. Is geloven dom? Wat geloof jij?","robots":{"index":"index","follow":"follow","max-snippet":"max-snippet:-1","max-image-preview":"max-image-preview:large","max-video-preview":"max-video-preview:-1"},"canonical":"https:\/\/bijbelinbeeld.nl\/jc\/is-het-bovennatuurlijke-denkbaar\/","og_locale":"nl_NL","og_type":"article","og_title":"Is het bovennatuurlijke denkbaar? - BIJBEL IN BEELD","og_description":"Christelijk geloof: waarom een verstokte athe\u00efst zich bekeerde. Wat heb je aan geloof. Is geloven dom? Wat geloof jij?","og_url":"https:\/\/bijbelinbeeld.nl\/jc\/is-het-bovennatuurlijke-denkbaar\/","og_site_name":"BIJBEL IN BEELD","article_modified_time":"2021-10-05T18:53:46+00:00","og_image":[{"url":"http:\/\/www.bijbelinbeeld.nl\/jc\/wp-content\/uploads\/mieren11.jpg","type":"","width":"","height":""}],"twitter_card":"summary_large_image","schema":{"@context":"https:\/\/schema.org","@graph":[{"@type":"WebPage","@id":"https:\/\/bijbelinbeeld.nl\/jc\/is-het-bovennatuurlijke-denkbaar\/","url":"https:\/\/bijbelinbeeld.nl\/jc\/is-het-bovennatuurlijke-denkbaar\/","name":"Is het bovennatuurlijke denkbaar? - BIJBEL IN BEELD","isPartOf":{"@id":"https:\/\/bijbelinbeeld.nl\/jc\/#website"},"primaryImageOfPage":{"@id":"https:\/\/bijbelinbeeld.nl\/jc\/is-het-bovennatuurlijke-denkbaar\/#primaryimage"},"image":{"@id":"https:\/\/bijbelinbeeld.nl\/jc\/is-het-bovennatuurlijke-denkbaar\/#primaryimage"},"thumbnailUrl":"http:\/\/www.bijbelinbeeld.nl\/jc\/wp-content\/uploads\/mieren11.jpg","datePublished":"2021-03-11T14:23:39+00:00","dateModified":"2021-10-05T18:53:46+00:00","description":"Christelijk geloof: waarom een verstokte athe\u00efst zich bekeerde. Wat heb je aan geloof. Is geloven dom? Wat geloof jij?","inLanguage":"nl-NL","potentialAction":[{"@type":"ReadAction","target":["https:\/\/bijbelinbeeld.nl\/jc\/is-het-bovennatuurlijke-denkbaar\/"]}]},{"@type":"ImageObject","inLanguage":"nl-NL","@id":"https:\/\/bijbelinbeeld.nl\/jc\/is-het-bovennatuurlijke-denkbaar\/#primaryimage","url":"http:\/\/www.bijbelinbeeld.nl\/jc\/wp-content\/uploads\/mieren11.jpg","contentUrl":"http:\/\/www.bijbelinbeeld.nl\/jc\/wp-content\/uploads\/mieren11.jpg"},{"@type":"WebSite","@id":"https:\/\/bijbelinbeeld.nl\/jc\/#website","url":"https:\/\/bijbelinbeeld.nl\/jc\/","name":"BIJBEL IN BEELD","description":"Waarom zou je ook maar iets geloven?","publisher":{"@id":"https:\/\/bijbelinbeeld.nl\/jc\/#\/schema\/person\/049ad2d4e46d49364d0f957aaad8478f"},"potentialAction":[{"@type":"SearchAction","target":{"@type":"EntryPoint","urlTemplate":"https:\/\/bijbelinbeeld.nl\/jc\/?s={search_term_string}"},"query-input":{"@type":"PropertyValueSpecification","valueRequired":true,"valueName":"search_term_string"}}],"inLanguage":"nl-NL"},{"@type":["Person","Organization"],"@id":"https:\/\/bijbelinbeeld.nl\/jc\/#\/schema\/person\/049ad2d4e46d49364d0f957aaad8478f","name":"admin","image":{"@type":"ImageObject","inLanguage":"nl-NL","@id":"https:\/\/bijbelinbeeld.nl\/jc\/wp-content\/uploads\/pasfoto2018.jpg","url":"https:\/\/bijbelinbeeld.nl\/jc\/wp-content\/uploads\/pasfoto2018.jpg","contentUrl":"https:\/\/bijbelinbeeld.nl\/jc\/wp-content\/uploads\/pasfoto2018.jpg","width":200,"height":200,"caption":"admin"},"logo":{"@id":"https:\/\/bijbelinbeeld.nl\/jc\/wp-content\/uploads\/pasfoto2018.jpg"},"description":"Waarom een verstokte athe\u00efst christen werd.","sameAs":["https:\/\/www.bijbelinbeeld.nl"]}]}},"_links":{"self":[{"href":"https:\/\/bijbelinbeeld.nl\/jc\/wp-json\/wp\/v2\/pages\/9425","targetHints":{"allow":["GET"]}}],"collection":[{"href":"https:\/\/bijbelinbeeld.nl\/jc\/wp-json\/wp\/v2\/pages"}],"about":[{"href":"https:\/\/bijbelinbeeld.nl\/jc\/wp-json\/wp\/v2\/types\/page"}],"author":[{"embeddable":true,"href":"https:\/\/bijbelinbeeld.nl\/jc\/wp-json\/wp\/v2\/users\/1"}],"replies":[{"embeddable":true,"href":"https:\/\/bijbelinbeeld.nl\/jc\/wp-json\/wp\/v2\/comments?post=9425"}],"version-history":[{"count":0,"href":"https:\/\/bijbelinbeeld.nl\/jc\/wp-json\/wp\/v2\/pages\/9425\/revisions"}],"wp:attachment":[{"href":"https:\/\/bijbelinbeeld.nl\/jc\/wp-json\/wp\/v2\/media?parent=9425"}],"curies":[{"name":"wp","href":"https:\/\/api.w.org\/{rel}","templated":true}]}}